{"id":78,"date":"2022-10-17T07:03:13","date_gmt":"2022-10-17T07:03:13","guid":{"rendered":"https:\/\/alcomsys.de\/index.php\/home\/"},"modified":"2024-05-23T16:11:19","modified_gmt":"2024-05-23T14:11:19","slug":"home","status":"publish","type":"page","link":"https:\/\/alcomsys.de\/","title":{"rendered":"Startseite"},"content":{"rendered":"\n<div class=\"wp-block-uagb-container uagb-block-e2d5fabf alignfull uagb-is-root-container\">\n<div class=\"wp-block-uagb-advanced-heading uagb-block-ca40f076\"><h1 class=\"uagb-heading-text\">ISDN\u200b<\/h1><\/div>\n\n\n\n<div class=\"wp-block-uagb-info-box uagb-block-0eabe2b0 uagb-infobox__content-wrap  uagb-infobox_cta-type-all uagb-infobox-icon-below-title uagb-infobox-image-valign-top\"><a href=\"#Mid\" class=\"uagb-infobox-link-wrap uagb-infbox__link-to-all\" target=\"_self\" aria-label=\"Infobox Link\" rel=\"noopener noreferrer\" onclick=\"return true;\"><\/a><div class=\"uagb-ifb-content\"><div class=\"uagb-ifb-title-wrap\"><h2 class=\"uagb-ifb-title\">Glasfaser &amp; 2-Draht Konverter<\/h2><\/div><div class=\"uagb-ifb-icon-wrap\"><svg xmlns=\"https:\/\/www.w3.org\/2000\/svg\" viewBox=\"0 0 384 512\"><path d=\"M169.4 278.6C175.6 284.9 183.8 288 192 288s16.38-3.125 22.62-9.375l160-160c12.5-12.5 12.5-32.75 0-45.25s-32.75-12.5-45.25 0L192 210.8L54.63 73.38c-12.5-12.5-32.75-12.5-45.25 0s-12.5 32.75 0 45.25L169.4 278.6zM329.4 265.4L192 402.8L54.63 265.4c-12.5-12.5-32.75-12.5-45.25 0s-12.5 32.75 0 45.25l160 160C175.6 476.9 183.8 480 192 480s16.38-3.125 22.62-9.375l160-160c12.5-12.5 12.5-32.75 0-45.25S341.9 252.9 329.4 265.4z\"><\/path><\/svg><\/div><div class=\"uagb-ifb-button-wrapper wp-block-button\"><\/div><\/div><\/div>\n<\/div>\n\n\n\n<div id=\"Mid\" class=\"wp-block-uagb-container uagb-block-1fc5a58e alignfull uagb-is-root-container\"><div class=\"uagb-container-inner-blocks-wrap\">\n<div class=\"wp-block-uagb-container uagb-block-5466b50c\">\n<div class=\"wp-block-uagb-info-box uagb-block-162411fd uagb-infobox__content-wrap  uagb-infobox-icon-above-title uagb-infobox-image-valign-top\"><div class=\"uagb-ifb-content\"><div class=\"uagb-ifb-title-wrap\"><\/div><p class=\"uagb-ifb-desc\"><br><br><br>Egal ob Sie Ihre bestehende ISDN Infrastruktur<br> \u00fcber Glasfaser- oder Kupferleitungen\u00a0verbinden m\u00f6chten,<br> wir haben die passende L\u00f6sung f\u00fcr Sie.<br>\u00a0<br>Zu unseren Kunden z\u00e4hlen unter anderem <br>Systemh\u00e4user, Banken, Beh\u00f6rden, City Carrier, Energieversorger, Schifffahrts\u00e4mter, &#8230;<br><br><br><\/p><\/div><\/div>\n\n\n\n<div style=\"margin-top:0;margin-bottom:0;height:5px\" aria-hidden=\"true\" class=\"wp-block-spacer\"><\/div>\n<\/div>\n<\/div><\/div>\n\n\n\n<div class=\"wp-block-uagb-container uagb-block-3e4ce8f8 alignfull uagb-is-root-container\"><div class=\"uagb-container-inner-blocks-wrap\">\n<div class=\"wp-block-uagb-info-box uagb-block-968a06fb uagb-infobox__content-wrap  uagb-infobox-icon-above-title uagb-infobox-image-valign-top\"><div class=\"uagb-ifb-content\"><div class=\"uagb-ifb-title-wrap\"><\/div><div class=\"uagb-ifb-button-wrapper wp-block-button\"><a href=\"\/index.php\/services\/\" class=\"uagb-infobox-cta-link wp-block-button__link\" target=\"_self\" rel=\"noopener noreferrer\" onclick=\"return true;\" alt=\"\"><span class=\"uagb-inline-editing\">ZU UNSEREN PRODUKTEN<\/span><\/a><\/div><\/div><\/div>\n<\/div><\/div>\n\n\n\n<div style=\"height:179px\" aria-hidden=\"true\" class=\"wp-block-spacer\"><\/div>\n\n\n\n<div style=\"height:75px\" aria-hidden=\"true\" class=\"wp-block-spacer\"><\/div>\n\n\n\n<div class=\"wp-block-uagb-container uagb-block-6ff100ac alignfull uagb-is-root-container\"><div class=\"uagb-container-inner-blocks-wrap\"><\/div><\/div>\n","protected":false},"excerpt":{"rendered":"<p>ISDN\u200b<\/p>\n","protected":false},"author":1,"featured_media":0,"parent":0,"menu_order":0,"comment_status":"closed","ping_status":"closed","template":"","meta":{"_uag_custom_page_level_css":"","site-sidebar-layout":"default","site-content-layout":"page-builder","ast-site-content-layout":"full-width-container","site-content-style":"unboxed","site-sidebar-style":"unboxed","ast-global-header-display":"","ast-banner-title-visibility":"","ast-main-header-display":"","ast-hfb-above-header-display":"","ast-hfb-below-header-display":"","ast-hfb-mobile-header-display":"","site-post-title":"disabled","ast-breadcrumbs-content":"","ast-featured-img":"","footer-sml-layout":"","theme-transparent-header-meta":"enabled","adv-header-id-meta":"","stick-header-meta":"","header-above-stick-meta":"","header-main-stick-meta":"","header-below-stick-meta":"","astra-migrate-meta-layouts":"set","ast-page-background-enabled":"default","ast-page-background-meta":{"desktop":{"background-color":"var(--ast-global-color-4)","background-image":"","background-repeat":"repeat","background-position":"center center","background-size":"auto","background-attachment":"scroll","background-type":"","background-media":"","overlay-type":"","overlay-color":"","overlay-gradient":""},"tablet":{"background-color":"","background-image":"","background-repeat":"repeat","background-position":"center center","background-size":"auto","background-attachment":"scroll","background-type":"","background-media":"","overlay-type":"","overlay-color":"","overlay-gradient":""},"mobile":{"background-color":"","background-image":"","background-repeat":"repeat","background-position":"center center","background-size":"auto","background-attachment":"scroll","background-type":"","background-media":"","overlay-type":"","overlay-color":"","overlay-gradient":""}},"ast-content-background-meta":{"desktop":{"background-color":"var(--ast-global-color-5)","background-image":"","background-repeat":"repeat","background-position":"center center","background-size":"auto","background-attachment":"scroll","background-type":"","background-media":"","overlay-type":"","overlay-color":"","overlay-gradient":""},"tablet":{"background-color":"var(--ast-global-color-5)","background-image":"","background-repeat":"repeat","background-position":"center center","background-size":"auto","background-attachment":"scroll","background-type":"","background-media":"","overlay-type":"","overlay-color":"","overlay-gradient":""},"mobile":{"background-color":"var(--ast-global-color-5)","background-image":"","background-repeat":"repeat","background-position":"center center","background-size":"auto","background-attachment":"scroll","background-type":"","background-media":"","overlay-type":"","overlay-color":"","overlay-gradient":""}},"footnotes":""},"class_list":["post-78","page","type-page","status-publish","hentry"],"yoast_head":"<!-- This site is optimized with the Yoast SEO plugin v25.7 - https:\/\/yoast.com\/wordpress\/plugins\/seo\/ -->\n<title>Alcomsys<\/title>\n<meta name=\"description\" content=\"&quot;Willkommen bei Alcomsys - Entdecken Sie kosteng\u00fcnstige L\u00f6sungen f\u00fcr transparente ISDN \u00dcbertragung per Glasfaser- oder Kupferkabel.&quot;\" \/>\n<meta name=\"robots\" content=\"index, follow, max-snippet:-1, max-image-preview:large, max-video-preview:-1\" \/>\n<link rel=\"canonical\" href=\"https:\/\/alcomsys.de\/\" \/>\n<meta property=\"og:locale\" content=\"de_DE\" \/>\n<meta property=\"og:type\" content=\"article\" \/>\n<meta property=\"og:title\" content=\"Alcomsys\" \/>\n<meta property=\"og:description\" content=\"&quot;Willkommen bei Alcomsys - Entdecken Sie kosteng\u00fcnstige L\u00f6sungen f\u00fcr transparente ISDN \u00dcbertragung per Glasfaser- oder Kupferkabel.&quot;\" \/>\n<meta property=\"og:url\" content=\"https:\/\/alcomsys.de\/\" \/>\n<meta property=\"og:site_name\" content=\"Alcomsys\" \/>\n<meta property=\"article:modified_time\" content=\"2024-05-23T14:11:19+00:00\" \/>\n<meta name=\"twitter:card\" content=\"summary_large_image\" \/>\n<meta name=\"twitter:label1\" content=\"Gesch\u00e4tzte Lesezeit\" \/>\n\t<meta name=\"twitter:data1\" content=\"1\u00a0Minute\" \/>\n<script type=\"application\/ld+json\" class=\"yoast-schema-graph\">{\"@context\":\"https:\/\/schema.org\",\"@graph\":[{\"@type\":\"WebPage\",\"@id\":\"https:\/\/alcomsys.de\/\",\"url\":\"https:\/\/alcomsys.de\/\",\"name\":\"Alcomsys\",\"isPartOf\":{\"@id\":\"https:\/\/alcomsys.de\/#website\"},\"datePublished\":\"2022-10-17T07:03:13+00:00\",\"dateModified\":\"2024-05-23T14:11:19+00:00\",\"description\":\"\\\"Willkommen bei Alcomsys - Entdecken Sie kosteng\u00fcnstige L\u00f6sungen f\u00fcr transparente ISDN \u00dcbertragung per Glasfaser- oder Kupferkabel.\\\"\",\"breadcrumb\":{\"@id\":\"https:\/\/alcomsys.de\/#breadcrumb\"},\"inLanguage\":\"de\",\"potentialAction\":[{\"@type\":\"ReadAction\",\"target\":[\"https:\/\/alcomsys.de\/\"]}]},{\"@type\":\"BreadcrumbList\",\"@id\":\"https:\/\/alcomsys.de\/#breadcrumb\",\"itemListElement\":[{\"@type\":\"ListItem\",\"position\":1,\"name\":\"Startseite\",\"item\":\"https:\/\/alcomsys.de\/\"},{\"@type\":\"ListItem\",\"position\":2,\"name\":\"Startseite\"}]},{\"@type\":\"WebSite\",\"@id\":\"https:\/\/alcomsys.de\/#website\",\"url\":\"https:\/\/alcomsys.de\/\",\"name\":\"Alcomsys\",\"description\":\"ISDN S0\/UP0 Konverter\",\"publisher\":{\"@id\":\"https:\/\/alcomsys.de\/#organization\"},\"potentialAction\":[{\"@type\":\"SearchAction\",\"target\":{\"@type\":\"EntryPoint\",\"urlTemplate\":\"https:\/\/alcomsys.de\/?s={search_term_string}\"},\"query-input\":{\"@type\":\"PropertyValueSpecification\",\"valueRequired\":true,\"valueName\":\"search_term_string\"}}],\"inLanguage\":\"de\"},{\"@type\":\"Organization\",\"@id\":\"https:\/\/alcomsys.de\/#organization\",\"name\":\"Alcomsys\",\"url\":\"https:\/\/alcomsys.de\/\",\"logo\":{\"@type\":\"ImageObject\",\"inLanguage\":\"de\",\"@id\":\"https:\/\/alcomsys.de\/#\/schema\/logo\/image\/\",\"url\":\"https:\/\/alcomsys.de\/wp-content\/uploads\/2023\/06\/Alcomsys-Logo-klein.webp\",\"contentUrl\":\"https:\/\/alcomsys.de\/wp-content\/uploads\/2023\/06\/Alcomsys-Logo-klein.webp\",\"width\":250,\"height\":98,\"caption\":\"Alcomsys\"},\"image\":{\"@id\":\"https:\/\/alcomsys.de\/#\/schema\/logo\/image\/\"}}]}<\/script>\n<!-- \/ Yoast SEO plugin. -->","yoast_head_json":{"title":"Alcomsys","description":"\"Willkommen bei Alcomsys - Entdecken Sie kosteng\u00fcnstige L\u00f6sungen f\u00fcr transparente ISDN \u00dcbertragung per Glasfaser- oder Kupferkabel.\"","robots":{"index":"index","follow":"follow","max-snippet":"max-snippet:-1","max-image-preview":"max-image-preview:large","max-video-preview":"max-video-preview:-1"},"canonical":"https:\/\/alcomsys.de\/","og_locale":"de_DE","og_type":"article","og_title":"Alcomsys","og_description":"\"Willkommen bei Alcomsys - Entdecken Sie kosteng\u00fcnstige L\u00f6sungen f\u00fcr transparente ISDN \u00dcbertragung per Glasfaser- oder Kupferkabel.\"","og_url":"https:\/\/alcomsys.de\/","og_site_name":"Alcomsys","article_modified_time":"2024-05-23T14:11:19+00:00","twitter_card":"summary_large_image","twitter_misc":{"Gesch\u00e4tzte Lesezeit":"1\u00a0Minute"},"schema":{"@context":"https:\/\/schema.org","@graph":[{"@type":"WebPage","@id":"https:\/\/alcomsys.de\/","url":"https:\/\/alcomsys.de\/","name":"Alcomsys","isPartOf":{"@id":"https:\/\/alcomsys.de\/#website"},"datePublished":"2022-10-17T07:03:13+00:00","dateModified":"2024-05-23T14:11:19+00:00","description":"\"Willkommen bei Alcomsys - Entdecken Sie kosteng\u00fcnstige L\u00f6sungen f\u00fcr transparente ISDN \u00dcbertragung per Glasfaser- oder Kupferkabel.\"","breadcrumb":{"@id":"https:\/\/alcomsys.de\/#breadcrumb"},"inLanguage":"de","potentialAction":[{"@type":"ReadAction","target":["https:\/\/alcomsys.de\/"]}]},{"@type":"BreadcrumbList","@id":"https:\/\/alcomsys.de\/#breadcrumb","itemListElement":[{"@type":"ListItem","position":1,"name":"Startseite","item":"https:\/\/alcomsys.de\/"},{"@type":"ListItem","position":2,"name":"Startseite"}]},{"@type":"WebSite","@id":"https:\/\/alcomsys.de\/#website","url":"https:\/\/alcomsys.de\/","name":"Alcomsys","description":"ISDN S0\/UP0 Konverter","publisher":{"@id":"https:\/\/alcomsys.de\/#organization"},"potentialAction":[{"@type":"SearchAction","target":{"@type":"EntryPoint","urlTemplate":"https:\/\/alcomsys.de\/?s={search_term_string}"},"query-input":{"@type":"PropertyValueSpecification","valueRequired":true,"valueName":"search_term_string"}}],"inLanguage":"de"},{"@type":"Organization","@id":"https:\/\/alcomsys.de\/#organization","name":"Alcomsys","url":"https:\/\/alcomsys.de\/","logo":{"@type":"ImageObject","inLanguage":"de","@id":"https:\/\/alcomsys.de\/#\/schema\/logo\/image\/","url":"https:\/\/alcomsys.de\/wp-content\/uploads\/2023\/06\/Alcomsys-Logo-klein.webp","contentUrl":"https:\/\/alcomsys.de\/wp-content\/uploads\/2023\/06\/Alcomsys-Logo-klein.webp","width":250,"height":98,"caption":"Alcomsys"},"image":{"@id":"https:\/\/alcomsys.de\/#\/schema\/logo\/image\/"}}]}},"uagb_featured_image_src":{"full":false,"thumbnail":false,"medium":false,"medium_large":false,"large":false,"1536x1536":false,"2048x2048":false},"uagb_author_info":{"display_name":"admin","author_link":"https:\/\/alcomsys.de\/index.php\/author\/alexanderhassan\/"},"uagb_comment_info":0,"uagb_excerpt":"ISDN\u200b","_links":{"self":[{"href":"https:\/\/alcomsys.de\/index.php\/wp-json\/wp\/v2\/pages\/78","targetHints":{"allow":["GET"]}}],"collection":[{"href":"https:\/\/alcomsys.de\/index.php\/wp-json\/wp\/v2\/pages"}],"about":[{"href":"https:\/\/alcomsys.de\/index.php\/wp-json\/wp\/v2\/types\/page"}],"author":[{"embeddable":true,"href":"https:\/\/alcomsys.de\/index.php\/wp-json\/wp\/v2\/users\/1"}],"replies":[{"embeddable":true,"href":"https:\/\/alcomsys.de\/index.php\/wp-json\/wp\/v2\/comments?post=78"}],"version-history":[{"count":436,"href":"https:\/\/alcomsys.de\/index.php\/wp-json\/wp\/v2\/pages\/78\/revisions"}],"predecessor-version":[{"id":2518,"href":"https:\/\/alcomsys.de\/index.php\/wp-json\/wp\/v2\/pages\/78\/revisions\/2518"}],"wp:attachment":[{"href":"https:\/\/alcomsys.de\/index.php\/wp-json\/wp\/v2\/media?parent=78"}],"curies":[{"name":"wp","href":"https:\/\/api.w.org\/{rel}","templated":true}]}}