{"id":77,"date":"2022-10-17T07:03:13","date_gmt":"2022-10-17T07:03:13","guid":{"rendered":"https:\/\/alcomsys.de\/index.php\/services\/"},"modified":"2024-04-25T17:07:25","modified_gmt":"2024-04-25T17:07:25","slug":"services","status":"publish","type":"page","link":"https:\/\/alcomsys.de\/index.php\/services\/","title":{"rendered":"Produkte"},"content":{"rendered":"\n<div class=\"wp-block-uagb-container uagb-block-c77afc0b alignfull uagb-is-root-container\"><div class=\"uagb-container-inner-blocks-wrap\">\n<div class=\"wp-block-uagb-advanced-heading uagb-block-7bb2b210\"><h1 class=\"uagb-heading-text\">Produkte<\/h1><\/div>\n\n\n\n<div class=\"wp-block-uagb-info-box uagb-block-b94997e8 uagb-infobox__content-wrap  uagb-infobox_cta-type-all uagb-infobox-icon-above-title uagb-infobox-image-valign-top uag-hide-desktop\"><a href=\"#mid\" class=\"uagb-infobox-link-wrap uagb-infbox__link-to-all\" target=\"_self\" aria-label=\"Infobox Link\" rel=\"noopener noreferrer\" onclick=\"return true;\"><\/a><div class=\"uagb-ifb-content\"><div class=\"uagb-ifb-icon-wrap\"><svg xmlns=\"https:\/\/www.w3.org\/2000\/svg\" viewBox=\"0 0 384 512\"><path d=\"M169.4 278.6C175.6 284.9 183.8 288 192 288s16.38-3.125 22.62-9.375l160-160c12.5-12.5 12.5-32.75 0-45.25s-32.75-12.5-45.25 0L192 210.8L54.63 73.38c-12.5-12.5-32.75-12.5-45.25 0s-12.5 32.75 0 45.25L169.4 278.6zM329.4 265.4L192 402.8L54.63 265.4c-12.5-12.5-32.75-12.5-45.25 0s-12.5 32.75 0 45.25l160 160C175.6 476.9 183.8 480 192 480s16.38-3.125 22.62-9.375l160-160c12.5-12.5 12.5-32.75 0-45.25S341.9 252.9 329.4 265.4z\"><\/path><\/svg><\/div><div class=\"uagb-ifb-title-wrap\"><\/div><div class=\"uagb-ifb-button-wrapper wp-block-button\"><\/div><\/div><\/div>\n<\/div><\/div>\n\n\n\n<div id=\"mid\" class=\"wp-block-uagb-container uagb-block-95b2c782 alignfull uagb-is-root-container\"><div class=\"uagb-container-inner-blocks-wrap\">\n<div class=\"wp-block-group is-layout-constrained wp-container-core-group-is-layout-7ebc5897 wp-block-group-is-layout-constrained\" style=\"margin-top:0;margin-bottom:0;padding-top:0;padding-right:0;padding-bottom:0;padding-left:0\">\n<div class=\"wp-block-group is-layout-constrained wp-block-group-is-layout-constrained\">\n<div class=\"wp-block-uagb-container uagb-block-3741356f\">\n<div class=\"wp-block-uagb-image uagb-block-dabd84ba wp-block-uagb-image--layout-default wp-block-uagb-image--effect-static wp-block-uagb-image--align-none\"><figure class=\"wp-block-uagb-image__figure\"><a class=\"\" href=\"\/index.php\/isdn-s0-fiber\/\" target=\"\" rel=\"noopener\"><img decoding=\"async\" srcset=\"https:\/\/alcomsys.de\/wp-content\/uploads\/2023\/06\/ISDN-S0-Head_mobile.webp ,https:\/\/alcomsys.de\/wp-content\/uploads\/2023\/06\/ISDN-S0-Head_mobile.webp 780w, https:\/\/alcomsys.de\/wp-content\/uploads\/2023\/06\/ISDN-S0-Head_mobile.webp 360w\" sizes=\"auto, (max-width: 480px) 150px\" src=\"https:\/\/alcomsys.de\/wp-content\/uploads\/2023\/06\/ISDN-S0-Head_mobile.webp\" alt=\"\" class=\"uag-image-2361\" width=\"1402\" height=\"244\" title=\"\" loading=\"lazy\" role=\"img\"\/><\/a><\/figure><\/div>\n\n\n\n<div class=\"wp-block-uagb-info-box uagb-block-2f00bfa0 uagb-infobox__content-wrap  uagb-infobox-icon-above-title uagb-infobox-image-valign-top\"><div class=\"uagb-ifb-content\"><div class=\"uagb-ifb-title-wrap\"><h3 class=\"uagb-ifb-title\"><a href=\"\/index.php\/isdn-s0-fiber\/\">ISDN S0 \u00fcber Glasfaser<\/a><\/h3><\/div><p class=\"uagb-ifb-desc\">Eine einfache und kosteneffiziente L\u00f6sung, um ISDN S0 Schnittstellen \u00fcber Glasfaser<br>(LWL) transparent zu \u00fcbertragen.<\/p><\/div><\/div>\n<\/div>\n\n\n\n<hr class=\"wp-block-separator has-text-color has-ast-global-color-0-color has-alpha-channel-opacity has-ast-global-color-0-background-color has-background is-style-dots\"\/>\n<\/div>\n\n\n\n<div class=\"wp-block-group is-layout-constrained wp-block-group-is-layout-constrained\">\n<div class=\"wp-block-uagb-container uagb-block-177a7a14\">\n<div class=\"wp-block-uagb-image uagb-block-856341f0 wp-block-uagb-image--layout-default wp-block-uagb-image--effect-static wp-block-uagb-image--align-none\"><figure class=\"wp-block-uagb-image__figure\"><a class=\"\" href=\"\/index.php\/isdn-up0-fiber\/\" target=\"\" rel=\"noopener\"><img decoding=\"async\" srcset=\"https:\/\/alcomsys.de\/wp-content\/uploads\/2023\/06\/ISDN-UP0-Head_mobile.webp ,https:\/\/alcomsys.de\/wp-content\/uploads\/2023\/06\/ISDN-UP0-Head_mobile.webp 780w, https:\/\/alcomsys.de\/wp-content\/uploads\/2023\/06\/ISDN-UP0-Head_mobile.webp 360w\" sizes=\"auto, (max-width: 480px) 150px\" src=\"https:\/\/alcomsys.de\/wp-content\/uploads\/2023\/06\/ISDN-UP0-Head_mobile.webp\" alt=\"\" class=\"uag-image-2369\" width=\"1288\" height=\"242\" title=\"\" loading=\"lazy\" role=\"img\"\/><\/a><\/figure><\/div>\n\n\n\n<div class=\"wp-block-uagb-info-box uagb-block-0e03b72b uagb-infobox__content-wrap  uagb-infobox-icon-above-title uagb-infobox-image-valign-top\"><div class=\"uagb-ifb-content\"><div class=\"uagb-ifb-title-wrap\"><h3 class=\"uagb-ifb-title\"><a href=\"\/index.php\/isdn-up0-fiber\/\">ISDN UP0 \u00fcber Glasfaser<\/a><\/h3><\/div><p class=\"uagb-ifb-desc\">TK Anlagen mit bis zu 4 UP0 Schnittstellen \u00fcber Glasfaser<br>verbinden, z.B. um UP0 Systemtelefone \u00fcber gro\u00dfe Entfernungen zu verkn\u00fcpfen.<\/p><\/div><\/div>\n<\/div>\n\n\n\n<hr class=\"wp-block-separator has-text-color has-ast-global-color-0-color has-alpha-channel-opacity has-ast-global-color-0-background-color has-background is-style-dots\"\/>\n<\/div>\n\n\n\n<div class=\"wp-block-group is-layout-constrained wp-block-group-is-layout-constrained\">\n<div class=\"wp-block-uagb-container uagb-block-6b06e695\">\n<div class=\"wp-block-uagb-image uagb-block-07e2f949 wp-block-uagb-image--layout-default wp-block-uagb-image--effect-static wp-block-uagb-image--align-none\"><figure class=\"wp-block-uagb-image__figure\"><a class=\"\" href=\"\/index.php\/isdn-extender\/\" target=\"\" rel=\"noopener\"><img decoding=\"async\" srcset=\"https:\/\/alcomsys.de\/wp-content\/uploads\/2023\/06\/ISDN-Extender-Head_mobile.webp ,https:\/\/alcomsys.de\/wp-content\/uploads\/2023\/06\/ISDN-Extender-Head_mobile.webp 780w, https:\/\/alcomsys.de\/wp-content\/uploads\/2023\/06\/ISDN-Extender-Head_mobile.webp 360w\" sizes=\"auto, (max-width: 480px) 150px\" src=\"https:\/\/alcomsys.de\/wp-content\/uploads\/2023\/06\/ISDN-Extender-Head_mobile.webp\" alt=\"\" class=\"uag-image-2368\" width=\"1407\" height=\"246\" title=\"\" loading=\"lazy\" role=\"img\"\/><\/a><\/figure><\/div>\n\n\n\n<div class=\"wp-block-uagb-info-box uagb-block-e8a11992 uagb-infobox__content-wrap  uagb-infobox-icon-above-title uagb-infobox-image-valign-top\"><div class=\"uagb-ifb-content\"><div class=\"uagb-ifb-title-wrap\"><h3 class=\"uagb-ifb-title\"><a href=\"\/index.php\/isdn-extender\/\">ISDN Extender<\/a><\/h3><\/div><p class=\"uagb-ifb-desc\">ISDN f\u00e4hige Ger\u00e4te mit S0 Schnittstellen \u00fcber eine 2 Draht Kupferverbindung kilometerweit<br>transparent \u00fcbertragen.<\/p><\/div><\/div>\n<\/div>\n<\/div>\n\n\n\n<hr class=\"wp-block-separator has-alpha-channel-opacity is-style-default\"\/>\n<\/div>\n<\/div><\/div>\n\n\n\n<div class=\"wp-block-uagb-container uagb-block-90c58092 alignfull uagb-is-root-container\"><div class=\"uagb-container-inner-blocks-wrap\">\n<div class=\"wp-block-uagb-call-to-action uagb-block-abfc0460 wp-block-button\"><div class=\"uagb-cta__wrap\"><p class=\"uagb-cta__desc\">Haben Sie noch Fragen?<br>Nutzen Sie unser Kontaktformular oder rufen Sie uns einfach direkt an.<\/p><\/div><div class=\"uagb-cta__buttons\"><a href=\"\/index.php\/contact\/\" class=\"uagb-cta__button-link-wrapper wp-block-button__link\" target=\"_self\" rel=\"noopener noreferrer\">KONTAKT<\/a><\/div><\/div>\n<\/div><\/div>\n\n\n\n<div style=\"height:100px\" aria-hidden=\"true\" class=\"wp-block-spacer\"><\/div>\n","protected":false},"excerpt":{"rendered":"<p>Produkte<\/p>\n","protected":false},"author":1,"featured_media":0,"parent":0,"menu_order":0,"comment_status":"closed","ping_status":"closed","template":"","meta":{"_uag_custom_page_level_css":"","site-sidebar-layout":"default","site-content-layout":"","ast-site-content-layout":"default","site-content-style":"default","site-sidebar-style":"default","ast-global-header-display":"","ast-banner-title-visibility":"","ast-main-header-display":"","ast-hfb-above-header-display":"","ast-hfb-below-header-display":"","ast-hfb-mobile-header-display":"","site-post-title":"disabled","ast-breadcrumbs-content":"","ast-featured-img":"","footer-sml-layout":"","theme-transparent-header-meta":"enabled","adv-header-id-meta":"","stick-header-meta":"","header-above-stick-meta":"","header-main-stick-meta":"","header-below-stick-meta":"","astra-migrate-meta-layouts":"set","ast-page-background-enabled":"default","ast-page-background-meta":{"desktop":{"background-color":"var(--ast-global-color-4)","background-image":"","background-repeat":"repeat","background-position":"center center","background-size":"auto","background-attachment":"scroll","background-type":"","background-media":"","overlay-type":"","overlay-color":"","overlay-gradient":""},"tablet":{"background-color":"","background-image":"","background-repeat":"repeat","background-position":"center center","background-size":"auto","background-attachment":"scroll","background-type":"","background-media":"","overlay-type":"","overlay-color":"","overlay-gradient":""},"mobile":{"background-color":"","background-image":"","background-repeat":"repeat","background-position":"center center","background-size":"auto","background-attachment":"scroll","background-type":"","background-media":"","overlay-type":"","overlay-color":"","overlay-gradient":""}},"ast-content-background-meta":{"desktop":{"background-color":"var(--ast-global-color-5)","background-image":"","background-repeat":"repeat","background-position":"center center","background-size":"auto","background-attachment":"scroll","background-type":"","background-media":"","overlay-type":"","overlay-color":"","overlay-gradient":""},"tablet":{"background-color":"var(--ast-global-color-5)","background-image":"","background-repeat":"repeat","background-position":"center center","background-size":"auto","background-attachment":"scroll","background-type":"","background-media":"","overlay-type":"","overlay-color":"","overlay-gradient":""},"mobile":{"background-color":"var(--ast-global-color-5)","background-image":"","background-repeat":"repeat","background-position":"center center","background-size":"auto","background-attachment":"scroll","background-type":"","background-media":"","overlay-type":"","overlay-color":"","overlay-gradient":""}},"footnotes":""},"class_list":["post-77","page","type-page","status-publish","hentry"],"yoast_head":"<!-- This site is optimized with the Yoast SEO plugin v25.7 - https:\/\/yoast.com\/wordpress\/plugins\/seo\/ -->\n<title>Produkte - Alcomsys<\/title>\n<meta name=\"description\" content=\"&quot;Entdecken Sie Alcomsys&#039; kosteng\u00fcnstige ISDN Produkte: transparente \u00dcbertragung von ISDN S0\/UP0 Schnittstellen \u00fcber Glasfaser oder 2 Draht Kupferkabel. Einfach Plug and Play, robustes Design. Ideal f\u00fcr TK Anlagen. Bis zu 120 km \u00dcbertragungsdistanz. EMV fest.&quot;\" \/>\n<meta name=\"robots\" content=\"index, follow, max-snippet:-1, max-image-preview:large, max-video-preview:-1\" \/>\n<link rel=\"canonical\" href=\"https:\/\/alcomsys.de\/index.php\/services\/\" \/>\n<meta property=\"og:locale\" content=\"de_DE\" \/>\n<meta property=\"og:type\" content=\"article\" \/>\n<meta property=\"og:title\" content=\"Produkte - Alcomsys\" \/>\n<meta property=\"og:description\" content=\"&quot;Entdecken Sie Alcomsys&#039; kosteng\u00fcnstige ISDN Produkte: transparente \u00dcbertragung von ISDN S0\/UP0 Schnittstellen \u00fcber Glasfaser oder 2 Draht Kupferkabel. Einfach Plug and Play, robustes Design. Ideal f\u00fcr TK Anlagen. Bis zu 120 km \u00dcbertragungsdistanz. EMV fest.&quot;\" \/>\n<meta property=\"og:url\" content=\"https:\/\/alcomsys.de\/index.php\/services\/\" \/>\n<meta property=\"og:site_name\" content=\"Alcomsys\" \/>\n<meta property=\"article:modified_time\" content=\"2024-04-25T17:07:25+00:00\" \/>\n<meta property=\"og:image\" content=\"https:\/\/alcomsys.de\/wp-content\/uploads\/2023\/06\/ISDN-S0-Head_mobile.webp\" \/>\n<meta name=\"twitter:card\" content=\"summary_large_image\" \/>\n<meta name=\"twitter:label1\" content=\"Gesch\u00e4tzte Lesezeit\" \/>\n\t<meta name=\"twitter:data1\" content=\"3\u00a0Minuten\" \/>\n<script type=\"application\/ld+json\" class=\"yoast-schema-graph\">{\"@context\":\"https:\/\/schema.org\",\"@graph\":[{\"@type\":\"WebPage\",\"@id\":\"https:\/\/alcomsys.de\/index.php\/services\/\",\"url\":\"https:\/\/alcomsys.de\/index.php\/services\/\",\"name\":\"Produkte - Alcomsys\",\"isPartOf\":{\"@id\":\"https:\/\/alcomsys.de\/#website\"},\"primaryImageOfPage\":{\"@id\":\"https:\/\/alcomsys.de\/index.php\/services\/#primaryimage\"},\"image\":{\"@id\":\"https:\/\/alcomsys.de\/index.php\/services\/#primaryimage\"},\"thumbnailUrl\":\"https:\/\/alcomsys.de\/wp-content\/uploads\/2023\/06\/ISDN-S0-Head_mobile.webp\",\"datePublished\":\"2022-10-17T07:03:13+00:00\",\"dateModified\":\"2024-04-25T17:07:25+00:00\",\"description\":\"\\\"Entdecken Sie Alcomsys' kosteng\u00fcnstige ISDN Produkte: transparente \u00dcbertragung von ISDN S0\/UP0 Schnittstellen \u00fcber Glasfaser oder 2 Draht Kupferkabel. Einfach Plug and Play, robustes Design. Ideal f\u00fcr TK Anlagen. Bis zu 120 km \u00dcbertragungsdistanz. EMV fest.\\\"\",\"breadcrumb\":{\"@id\":\"https:\/\/alcomsys.de\/index.php\/services\/#breadcrumb\"},\"inLanguage\":\"de\",\"potentialAction\":[{\"@type\":\"ReadAction\",\"target\":[\"https:\/\/alcomsys.de\/index.php\/services\/\"]}]},{\"@type\":\"ImageObject\",\"inLanguage\":\"de\",\"@id\":\"https:\/\/alcomsys.de\/index.php\/services\/#primaryimage\",\"url\":\"\",\"contentUrl\":\"\"},{\"@type\":\"BreadcrumbList\",\"@id\":\"https:\/\/alcomsys.de\/index.php\/services\/#breadcrumb\",\"itemListElement\":[{\"@type\":\"ListItem\",\"position\":1,\"name\":\"Startseite\",\"item\":\"https:\/\/alcomsys.de\/\"},{\"@type\":\"ListItem\",\"position\":2,\"name\":\"Produkte\"}]},{\"@type\":\"WebSite\",\"@id\":\"https:\/\/alcomsys.de\/#website\",\"url\":\"https:\/\/alcomsys.de\/\",\"name\":\"Alcomsys\",\"description\":\"ISDN S0\/UP0 Konverter\",\"publisher\":{\"@id\":\"https:\/\/alcomsys.de\/#organization\"},\"potentialAction\":[{\"@type\":\"SearchAction\",\"target\":{\"@type\":\"EntryPoint\",\"urlTemplate\":\"https:\/\/alcomsys.de\/?s={search_term_string}\"},\"query-input\":{\"@type\":\"PropertyValueSpecification\",\"valueRequired\":true,\"valueName\":\"search_term_string\"}}],\"inLanguage\":\"de\"},{\"@type\":\"Organization\",\"@id\":\"https:\/\/alcomsys.de\/#organization\",\"name\":\"Alcomsys\",\"url\":\"https:\/\/alcomsys.de\/\",\"logo\":{\"@type\":\"ImageObject\",\"inLanguage\":\"de\",\"@id\":\"https:\/\/alcomsys.de\/#\/schema\/logo\/image\/\",\"url\":\"https:\/\/alcomsys.de\/wp-content\/uploads\/2023\/06\/Alcomsys-Logo-klein.webp\",\"contentUrl\":\"https:\/\/alcomsys.de\/wp-content\/uploads\/2023\/06\/Alcomsys-Logo-klein.webp\",\"width\":250,\"height\":98,\"caption\":\"Alcomsys\"},\"image\":{\"@id\":\"https:\/\/alcomsys.de\/#\/schema\/logo\/image\/\"}}]}<\/script>\n<!-- \/ Yoast SEO plugin. -->","yoast_head_json":{"title":"Produkte - Alcomsys","description":"\"Entdecken Sie Alcomsys' kosteng\u00fcnstige ISDN Produkte: transparente \u00dcbertragung von ISDN S0\/UP0 Schnittstellen \u00fcber Glasfaser oder 2 Draht Kupferkabel. Einfach Plug and Play, robustes Design. Ideal f\u00fcr TK Anlagen. Bis zu 120 km \u00dcbertragungsdistanz. EMV fest.\"","robots":{"index":"index","follow":"follow","max-snippet":"max-snippet:-1","max-image-preview":"max-image-preview:large","max-video-preview":"max-video-preview:-1"},"canonical":"https:\/\/alcomsys.de\/index.php\/services\/","og_locale":"de_DE","og_type":"article","og_title":"Produkte - Alcomsys","og_description":"\"Entdecken Sie Alcomsys' kosteng\u00fcnstige ISDN Produkte: transparente \u00dcbertragung von ISDN S0\/UP0 Schnittstellen \u00fcber Glasfaser oder 2 Draht Kupferkabel. Einfach Plug and Play, robustes Design. Ideal f\u00fcr TK Anlagen. Bis zu 120 km \u00dcbertragungsdistanz. EMV fest.\"","og_url":"https:\/\/alcomsys.de\/index.php\/services\/","og_site_name":"Alcomsys","article_modified_time":"2024-04-25T17:07:25+00:00","og_image":[{"url":"https:\/\/alcomsys.de\/wp-content\/uploads\/2023\/06\/ISDN-S0-Head_mobile.webp","type":"","width":"","height":""}],"twitter_card":"summary_large_image","twitter_misc":{"Gesch\u00e4tzte Lesezeit":"3\u00a0Minuten"},"schema":{"@context":"https:\/\/schema.org","@graph":[{"@type":"WebPage","@id":"https:\/\/alcomsys.de\/index.php\/services\/","url":"https:\/\/alcomsys.de\/index.php\/services\/","name":"Produkte - Alcomsys","isPartOf":{"@id":"https:\/\/alcomsys.de\/#website"},"primaryImageOfPage":{"@id":"https:\/\/alcomsys.de\/index.php\/services\/#primaryimage"},"image":{"@id":"https:\/\/alcomsys.de\/index.php\/services\/#primaryimage"},"thumbnailUrl":"https:\/\/alcomsys.de\/wp-content\/uploads\/2023\/06\/ISDN-S0-Head_mobile.webp","datePublished":"2022-10-17T07:03:13+00:00","dateModified":"2024-04-25T17:07:25+00:00","description":"\"Entdecken Sie Alcomsys' kosteng\u00fcnstige ISDN Produkte: transparente \u00dcbertragung von ISDN S0\/UP0 Schnittstellen \u00fcber Glasfaser oder 2 Draht Kupferkabel. Einfach Plug and Play, robustes Design. Ideal f\u00fcr TK Anlagen. Bis zu 120 km \u00dcbertragungsdistanz. EMV fest.\"","breadcrumb":{"@id":"https:\/\/alcomsys.de\/index.php\/services\/#breadcrumb"},"inLanguage":"de","potentialAction":[{"@type":"ReadAction","target":["https:\/\/alcomsys.de\/index.php\/services\/"]}]},{"@type":"ImageObject","inLanguage":"de","@id":"https:\/\/alcomsys.de\/index.php\/services\/#primaryimage","url":"","contentUrl":""},{"@type":"BreadcrumbList","@id":"https:\/\/alcomsys.de\/index.php\/services\/#breadcrumb","itemListElement":[{"@type":"ListItem","position":1,"name":"Startseite","item":"https:\/\/alcomsys.de\/"},{"@type":"ListItem","position":2,"name":"Produkte"}]},{"@type":"WebSite","@id":"https:\/\/alcomsys.de\/#website","url":"https:\/\/alcomsys.de\/","name":"Alcomsys","description":"ISDN S0\/UP0 Konverter","publisher":{"@id":"https:\/\/alcomsys.de\/#organization"},"potentialAction":[{"@type":"SearchAction","target":{"@type":"EntryPoint","urlTemplate":"https:\/\/alcomsys.de\/?s={search_term_string}"},"query-input":{"@type":"PropertyValueSpecification","valueRequired":true,"valueName":"search_term_string"}}],"inLanguage":"de"},{"@type":"Organization","@id":"https:\/\/alcomsys.de\/#organization","name":"Alcomsys","url":"https:\/\/alcomsys.de\/","logo":{"@type":"ImageObject","inLanguage":"de","@id":"https:\/\/alcomsys.de\/#\/schema\/logo\/image\/","url":"https:\/\/alcomsys.de\/wp-content\/uploads\/2023\/06\/Alcomsys-Logo-klein.webp","contentUrl":"https:\/\/alcomsys.de\/wp-content\/uploads\/2023\/06\/Alcomsys-Logo-klein.webp","width":250,"height":98,"caption":"Alcomsys"},"image":{"@id":"https:\/\/alcomsys.de\/#\/schema\/logo\/image\/"}}]}},"uagb_featured_image_src":{"full":false,"thumbnail":false,"medium":false,"medium_large":false,"large":false,"1536x1536":false,"2048x2048":false},"uagb_author_info":{"display_name":"admin","author_link":"https:\/\/alcomsys.de\/index.php\/author\/alexanderhassan\/"},"uagb_comment_info":0,"uagb_excerpt":"Produkte","_links":{"self":[{"href":"https:\/\/alcomsys.de\/index.php\/wp-json\/wp\/v2\/pages\/77","targetHints":{"allow":["GET"]}}],"collection":[{"href":"https:\/\/alcomsys.de\/index.php\/wp-json\/wp\/v2\/pages"}],"about":[{"href":"https:\/\/alcomsys.de\/index.php\/wp-json\/wp\/v2\/types\/page"}],"author":[{"embeddable":true,"href":"https:\/\/alcomsys.de\/index.php\/wp-json\/wp\/v2\/users\/1"}],"replies":[{"embeddable":true,"href":"https:\/\/alcomsys.de\/index.php\/wp-json\/wp\/v2\/comments?post=77"}],"version-history":[{"count":174,"href":"https:\/\/alcomsys.de\/index.php\/wp-json\/wp\/v2\/pages\/77\/revisions"}],"predecessor-version":[{"id":2597,"href":"https:\/\/alcomsys.de\/index.php\/wp-json\/wp\/v2\/pages\/77\/revisions\/2597"}],"wp:attachment":[{"href":"https:\/\/alcomsys.de\/index.php\/wp-json\/wp\/v2\/media?parent=77"}],"curies":[{"name":"wp","href":"https:\/\/api.w.org\/{rel}","templated":true}]}}