{"id":107,"date":"2022-10-17T07:27:30","date_gmt":"2022-10-17T07:27:30","guid":{"rendered":"https:\/\/alcomsys.de\/index.php\/about\/"},"modified":"2024-04-25T16:39:51","modified_gmt":"2024-04-25T16:39:51","slug":"about","status":"publish","type":"page","link":"https:\/\/alcomsys.de\/index.php\/about\/","title":{"rendered":"Impressum"},"content":{"rendered":"\n<div class=\"wp-block-uagb-container uagb-block-347ddec1 alignfull uagb-is-root-container\"><div class=\"uagb-container-inner-blocks-wrap\">\n<div class=\"wp-block-uagb-advanced-heading uagb-block-4b96e536\"><h1 class=\"uagb-heading-text\">Impressum<\/h1><\/div>\n\n\n\n<div class=\"wp-block-uagb-info-box uagb-block-b94997e8 uagb-infobox__content-wrap  uagb-infobox_cta-type-all uagb-infobox-icon-above-title uagb-infobox-image-valign-top uag-hide-desktop\"><a href=\"#mid\" class=\"uagb-infobox-link-wrap uagb-infbox__link-to-all\" target=\"_self\" aria-label=\"Infobox Link\" rel=\"noopener noreferrer\" onclick=\"return true;\"><\/a><div class=\"uagb-ifb-content\"><div class=\"uagb-ifb-icon-wrap\"><svg xmlns=\"https:\/\/www.w3.org\/2000\/svg\" viewBox=\"0 0 384 512\"><path d=\"M169.4 278.6C175.6 284.9 183.8 288 192 288s16.38-3.125 22.62-9.375l160-160c12.5-12.5 12.5-32.75 0-45.25s-32.75-12.5-45.25 0L192 210.8L54.63 73.38c-12.5-12.5-32.75-12.5-45.25 0s-12.5 32.75 0 45.25L169.4 278.6zM329.4 265.4L192 402.8L54.63 265.4c-12.5-12.5-32.75-12.5-45.25 0s-12.5 32.75 0 45.25l160 160C175.6 476.9 183.8 480 192 480s16.38-3.125 22.62-9.375l160-160c12.5-12.5 12.5-32.75 0-45.25S341.9 252.9 329.4 265.4z\"><\/path><\/svg><\/div><div class=\"uagb-ifb-title-wrap\"><\/div><div class=\"uagb-ifb-button-wrapper wp-block-button\"><\/div><\/div><\/div>\n<\/div><\/div>\n\n\n\n<div id=\"mid\" class=\"wp-block-uagb-container uagb-block-b372f6c0 default uagb-is-root-container\">\n<div class=\"wp-block-uagb-container uagb-block-ca75c9bc\">\n<div style=\"height:56px\" aria-hidden=\"true\" class=\"wp-block-spacer\"><\/div>\n\n\n\n<p class=\"has-text-align-center\"> <strong>Alcomsys<\/strong><\/p>\n\n\n\n<p class=\"has-text-align-center\">Inh. Alexander Hassan<\/p>\n\n\n\n<p class=\"has-text-align-center\">Moltkestr. 23<br>64295 Darmstadt<\/p>\n\n\n\n<p class=\"has-text-align-center\">Tel: +49 (0) 6151 394 63900<br>E-Mail: <a href=\"mailto:info@alcomsys.de\">info@alcomsys.de<\/a><br>Web: <a href=\"http:\/\/www.alcomsys.de\">https:\/\/alcomsys.de<\/a><\/p>\n<\/div>\n<\/div>\n\n\n\n<div class=\"wp-block-uagb-container uagb-block-0b62760c alignfull uagb-is-root-container\"><div class=\"uagb-container-inner-blocks-wrap\">\n<div class=\"wp-block-uagb-container uagb-block-d49de614\">\n<h2 class=\"wp-block-heading has-text-align-center\">Haftungsausschluss<\/h2>\n<\/div>\n<\/div><\/div>\n\n\n\n<div class=\"wp-block-uagb-container uagb-block-fb210eb9 alignfull uagb-is-root-container\"><div class=\"uagb-container-inner-blocks-wrap\">\n<div class=\"inherit-container-width wp-block-group is-layout-constrained wp-block-group-is-layout-constrained\">\n<p class=\"has-text-align-center has-medium-font-size\"><strong>Inhalt<\/strong><\/p>\n<\/div>\n<\/div><\/div>\n\n\n\n<div class=\"wp-block-uagb-container uagb-block-e5b877a0 alignfull uagb-is-root-container\"><div class=\"uagb-container-inner-blocks-wrap\">\n<pre class=\"wp-block-preformatted has-background\" style=\"background-color:#ffffff00\">Der Inhalt dieser Seiten wurde mit gr\u00f6\u00dftm\u00f6glicher Sorgfalt zusammengestellt. \nAlcomsys kann jedoch keine Gew\u00e4hr f\u00fcr die Fehlerfreiheit und Genauigkeit der bereitgestellten Informationen \u00fcbernehmen.\nAlcomsys schlie\u00dft jegliche Haftung f\u00fcr Sch\u00e4den, die direkt oder indirekt aus der Nutzung dieser Website entstehen, aus, sofern seitens Alcomsys kein nachweislich vors\u00e4tzliches oder grob fahrl\u00e4ssiges Verschulden vorliegt.<\/pre>\n\n\n\n<p class=\"has-text-align-center has-medium-font-size\"><strong>Links<\/strong><\/p>\n<\/div><\/div>\n\n\n\n<div class=\"wp-block-uagb-container uagb-block-3b8b4849 alignfull uagb-is-root-container\"><div class=\"uagb-container-inner-blocks-wrap\">\n<pre class=\"wp-block-preformatted has-background\" style=\"background-color:#ffffff00\">Sofern Alcomsys mit Links direkt oder indirekt auf fremde Internetseiten verweist, kann sie f\u00fcr den Inhalt dieser Seiten keine Haftung \u00fcbernehmen.\n\nAlcomsys erkl\u00e4rt hiermit, dass zum Zeitpunkt der Linksetzung die verlinkten Seiten keine illegalen Inhalte enthalten haben. Alcomsys hat keinen Einfluss auf die aktuelle und zuk\u00fcnftige Gestaltung der verlinkten Seiten. Inhaltlichen \u00c4nderungen, die nach der Linksetzung auf den verlinkten Seiten vorgenommen werden, unterliegen nicht dem Einflussbereich von Alcomsys. Alcomsys haftet nicht f\u00fcr illegale, fehlerhafte oder unvollst\u00e4ndige Inhalte und insbesondere f\u00fcr Sch\u00e4den, die durch Nutzung oder Nichtnutzung der auf den verlinkten Seiten angebotenen Informationen entstehen.<\/pre>\n\n\n\n<p class=\"has-text-align-center has-medium-font-size\"><strong>Urheberrecht<\/strong><\/p>\n\n\n\n<pre class=\"wp-block-preformatted has-background\" style=\"background-color:#ffffff00\">Alle Texte, Bilder, Grafiken und sonstige in dieser Website enthaltenen Dateien unterliegen dem Urheberrecht und anderen Gesetzen zum Schutz des geistigen Eigentums. Sie d\u00fcrfen im Rahmen der angebotenen Verwendung genutzt werden, jedoch weder f\u00fcr Handelszwecke oder zur Weitergabe kopiert oder ver\u00e4ndert und auf anderen Websites verwendet werden. Durch diese Website wird keine Lizenz zur Nutzung des geistigen Eigentums von Alcomsys oder Dritten erteilt.\n\nAlle innerhalb des Internetangebots genannten und gegebenenfalls durch Dritte gesch\u00fctzten Marken- und Warenzeichen unterliegen uneingeschr\u00e4nkt den Bestimmungen des jeweils g\u00fcltigen Kennzeichenrechts und den Besitzrechten der jeweiligen eingetragenen Eigent\u00fcmer. Allein aufgrund der blo\u00dfen Nennung ist nicht der Schluss zu ziehen, dass Markenzeichen nicht durch Rechte Dritter gesch\u00fctzt sind.<\/pre>\n\n\n\n<div style=\"height:100px\" aria-hidden=\"true\" class=\"wp-block-spacer\"><\/div>\n<\/div><\/div>\n","protected":false},"excerpt":{"rendered":"<p>Impressum Alcomsys Inh. Alexander Hassan Moltkestr. 2364295 Darmstadt Tel: +49 (0) 6151 394 63900E-Mail: info@alcomsys.deWeb: https:\/\/alcomsys.de Haftungsausschluss Inhalt Der Inhalt dieser Seiten wurde mit gr\u00f6\u00dftm\u00f6glicher Sorgfalt zusammengestellt. Alcomsys kann jedoch keine Gew\u00e4hr f\u00fcr die Fehlerfreiheit und Genauigkeit der bereitgestellten Informationen \u00fcbernehmen. Alcomsys schlie\u00dft jegliche Haftung f\u00fcr Sch\u00e4den, die direkt oder indirekt aus der Nutzung dieser [&hellip;]<\/p>\n","protected":false},"author":1,"featured_media":0,"parent":0,"menu_order":0,"comment_status":"closed","ping_status":"closed","template":"","meta":{"_uag_custom_page_level_css":"","site-sidebar-layout":"default","site-content-layout":"","ast-site-content-layout":"default","site-content-style":"default","site-sidebar-style":"default","ast-global-header-display":"","ast-banner-title-visibility":"","ast-main-header-display":"","ast-hfb-above-header-display":"","ast-hfb-below-header-display":"","ast-hfb-mobile-header-display":"","site-post-title":"disabled","ast-breadcrumbs-content":"","ast-featured-img":"","footer-sml-layout":"","theme-transparent-header-meta":"enabled","adv-header-id-meta":"","stick-header-meta":"","header-above-stick-meta":"","header-main-stick-meta":"","header-below-stick-meta":"","astra-migrate-meta-layouts":"set","ast-page-background-enabled":"default","ast-page-background-meta":{"desktop":{"background-color":"var(--ast-global-color-4)","background-image":"","background-repeat":"repeat","background-position":"center center","background-size":"auto","background-attachment":"scroll","background-type":"","background-media":"","overlay-type":"","overlay-color":"","overlay-gradient":""},"tablet":{"background-color":"","background-image":"","background-repeat":"repeat","background-position":"center center","background-size":"auto","background-attachment":"scroll","background-type":"","background-media":"","overlay-type":"","overlay-color":"","overlay-gradient":""},"mobile":{"background-color":"","background-image":"","background-repeat":"repeat","background-position":"center center","background-size":"auto","background-attachment":"scroll","background-type":"","background-media":"","overlay-type":"","overlay-color":"","overlay-gradient":""}},"ast-content-background-meta":{"desktop":{"background-color":"var(--ast-global-color-5)","background-image":"","background-repeat":"repeat","background-position":"center center","background-size":"auto","background-attachment":"scroll","background-type":"","background-media":"","overlay-type":"","overlay-color":"","overlay-gradient":""},"tablet":{"background-color":"var(--ast-global-color-5)","background-image":"","background-repeat":"repeat","background-position":"center center","background-size":"auto","background-attachment":"scroll","background-type":"","background-media":"","overlay-type":"","overlay-color":"","overlay-gradient":""},"mobile":{"background-color":"var(--ast-global-color-5)","background-image":"","background-repeat":"repeat","background-position":"center center","background-size":"auto","background-attachment":"scroll","background-type":"","background-media":"","overlay-type":"","overlay-color":"","overlay-gradient":""}},"footnotes":""},"class_list":["post-107","page","type-page","status-publish","hentry"],"yoast_head":"<!-- This site is optimized with the Yoast SEO plugin v25.7 - https:\/\/yoast.com\/wordpress\/plugins\/seo\/ -->\n<title>Impressum - Alcomsys<\/title>\n<meta name=\"robots\" content=\"noindex, follow\" \/>\n<meta property=\"og:locale\" content=\"de_DE\" \/>\n<meta property=\"og:type\" content=\"article\" \/>\n<meta property=\"og:title\" content=\"Impressum - Alcomsys\" \/>\n<meta property=\"og:description\" content=\"Impressum Alcomsys Inh. Alexander Hassan Moltkestr. 2364295 Darmstadt Tel: +49 (0) 6151 394 63900E-Mail: info@alcomsys.deWeb: https:\/\/alcomsys.de Haftungsausschluss Inhalt Der Inhalt dieser Seiten wurde mit gr\u00f6\u00dftm\u00f6glicher Sorgfalt zusammengestellt. Alcomsys kann jedoch keine Gew\u00e4hr f\u00fcr die Fehlerfreiheit und Genauigkeit der bereitgestellten Informationen \u00fcbernehmen. Alcomsys schlie\u00dft jegliche Haftung f\u00fcr Sch\u00e4den, die direkt oder indirekt aus der Nutzung dieser [&hellip;]\" \/>\n<meta property=\"og:url\" content=\"https:\/\/alcomsys.de\/index.php\/about\/\" \/>\n<meta property=\"og:site_name\" content=\"Alcomsys\" \/>\n<meta property=\"article:modified_time\" content=\"2024-04-25T16:39:51+00:00\" \/>\n<meta name=\"twitter:card\" content=\"summary_large_image\" \/>\n<meta name=\"twitter:label1\" content=\"Gesch\u00e4tzte Lesezeit\" \/>\n\t<meta name=\"twitter:data1\" content=\"1\u00a0Minute\" \/>\n<script type=\"application\/ld+json\" class=\"yoast-schema-graph\">{\"@context\":\"https:\/\/schema.org\",\"@graph\":[{\"@type\":\"WebPage\",\"@id\":\"https:\/\/alcomsys.de\/index.php\/about\/\",\"url\":\"https:\/\/alcomsys.de\/index.php\/about\/\",\"name\":\"Impressum - Alcomsys\",\"isPartOf\":{\"@id\":\"https:\/\/alcomsys.de\/#website\"},\"datePublished\":\"2022-10-17T07:27:30+00:00\",\"dateModified\":\"2024-04-25T16:39:51+00:00\",\"breadcrumb\":{\"@id\":\"https:\/\/alcomsys.de\/index.php\/about\/#breadcrumb\"},\"inLanguage\":\"de\",\"potentialAction\":[{\"@type\":\"ReadAction\",\"target\":[\"https:\/\/alcomsys.de\/index.php\/about\/\"]}]},{\"@type\":\"BreadcrumbList\",\"@id\":\"https:\/\/alcomsys.de\/index.php\/about\/#breadcrumb\",\"itemListElement\":[{\"@type\":\"ListItem\",\"position\":1,\"name\":\"Startseite\",\"item\":\"https:\/\/alcomsys.de\/\"},{\"@type\":\"ListItem\",\"position\":2,\"name\":\"Impressum\"}]},{\"@type\":\"WebSite\",\"@id\":\"https:\/\/alcomsys.de\/#website\",\"url\":\"https:\/\/alcomsys.de\/\",\"name\":\"Alcomsys\",\"description\":\"ISDN S0\/UP0 Konverter\",\"publisher\":{\"@id\":\"https:\/\/alcomsys.de\/#organization\"},\"potentialAction\":[{\"@type\":\"SearchAction\",\"target\":{\"@type\":\"EntryPoint\",\"urlTemplate\":\"https:\/\/alcomsys.de\/?s={search_term_string}\"},\"query-input\":{\"@type\":\"PropertyValueSpecification\",\"valueRequired\":true,\"valueName\":\"search_term_string\"}}],\"inLanguage\":\"de\"},{\"@type\":\"Organization\",\"@id\":\"https:\/\/alcomsys.de\/#organization\",\"name\":\"Alcomsys\",\"url\":\"https:\/\/alcomsys.de\/\",\"logo\":{\"@type\":\"ImageObject\",\"inLanguage\":\"de\",\"@id\":\"https:\/\/alcomsys.de\/#\/schema\/logo\/image\/\",\"url\":\"https:\/\/alcomsys.de\/wp-content\/uploads\/2023\/06\/Alcomsys-Logo-klein.webp\",\"contentUrl\":\"https:\/\/alcomsys.de\/wp-content\/uploads\/2023\/06\/Alcomsys-Logo-klein.webp\",\"width\":250,\"height\":98,\"caption\":\"Alcomsys\"},\"image\":{\"@id\":\"https:\/\/alcomsys.de\/#\/schema\/logo\/image\/\"}}]}<\/script>\n<!-- \/ Yoast SEO plugin. -->","yoast_head_json":{"title":"Impressum - Alcomsys","robots":{"index":"noindex","follow":"follow"},"og_locale":"de_DE","og_type":"article","og_title":"Impressum - Alcomsys","og_description":"Impressum Alcomsys Inh. Alexander Hassan Moltkestr. 2364295 Darmstadt Tel: +49 (0) 6151 394 63900E-Mail: info@alcomsys.deWeb: https:\/\/alcomsys.de Haftungsausschluss Inhalt Der Inhalt dieser Seiten wurde mit gr\u00f6\u00dftm\u00f6glicher Sorgfalt zusammengestellt. Alcomsys kann jedoch keine Gew\u00e4hr f\u00fcr die Fehlerfreiheit und Genauigkeit der bereitgestellten Informationen \u00fcbernehmen. Alcomsys schlie\u00dft jegliche Haftung f\u00fcr Sch\u00e4den, die direkt oder indirekt aus der Nutzung dieser [&hellip;]","og_url":"https:\/\/alcomsys.de\/index.php\/about\/","og_site_name":"Alcomsys","article_modified_time":"2024-04-25T16:39:51+00:00","twitter_card":"summary_large_image","twitter_misc":{"Gesch\u00e4tzte Lesezeit":"1\u00a0Minute"},"schema":{"@context":"https:\/\/schema.org","@graph":[{"@type":"WebPage","@id":"https:\/\/alcomsys.de\/index.php\/about\/","url":"https:\/\/alcomsys.de\/index.php\/about\/","name":"Impressum - Alcomsys","isPartOf":{"@id":"https:\/\/alcomsys.de\/#website"},"datePublished":"2022-10-17T07:27:30+00:00","dateModified":"2024-04-25T16:39:51+00:00","breadcrumb":{"@id":"https:\/\/alcomsys.de\/index.php\/about\/#breadcrumb"},"inLanguage":"de","potentialAction":[{"@type":"ReadAction","target":["https:\/\/alcomsys.de\/index.php\/about\/"]}]},{"@type":"BreadcrumbList","@id":"https:\/\/alcomsys.de\/index.php\/about\/#breadcrumb","itemListElement":[{"@type":"ListItem","position":1,"name":"Startseite","item":"https:\/\/alcomsys.de\/"},{"@type":"ListItem","position":2,"name":"Impressum"}]},{"@type":"WebSite","@id":"https:\/\/alcomsys.de\/#website","url":"https:\/\/alcomsys.de\/","name":"Alcomsys","description":"ISDN S0\/UP0 Konverter","publisher":{"@id":"https:\/\/alcomsys.de\/#organization"},"potentialAction":[{"@type":"SearchAction","target":{"@type":"EntryPoint","urlTemplate":"https:\/\/alcomsys.de\/?s={search_term_string}"},"query-input":{"@type":"PropertyValueSpecification","valueRequired":true,"valueName":"search_term_string"}}],"inLanguage":"de"},{"@type":"Organization","@id":"https:\/\/alcomsys.de\/#organization","name":"Alcomsys","url":"https:\/\/alcomsys.de\/","logo":{"@type":"ImageObject","inLanguage":"de","@id":"https:\/\/alcomsys.de\/#\/schema\/logo\/image\/","url":"https:\/\/alcomsys.de\/wp-content\/uploads\/2023\/06\/Alcomsys-Logo-klein.webp","contentUrl":"https:\/\/alcomsys.de\/wp-content\/uploads\/2023\/06\/Alcomsys-Logo-klein.webp","width":250,"height":98,"caption":"Alcomsys"},"image":{"@id":"https:\/\/alcomsys.de\/#\/schema\/logo\/image\/"}}]}},"uagb_featured_image_src":{"full":false,"thumbnail":false,"medium":false,"medium_large":false,"large":false,"1536x1536":false,"2048x2048":false},"uagb_author_info":{"display_name":"admin","author_link":"https:\/\/alcomsys.de\/index.php\/author\/alexanderhassan\/"},"uagb_comment_info":0,"uagb_excerpt":"Impressum Alcomsys Inh. Alexander Hassan Moltkestr. 2364295 Darmstadt Tel: +49 (0) 6151 394 63900E-Mail: info@alcomsys.deWeb: https:\/\/alcomsys.de Haftungsausschluss Inhalt Der Inhalt dieser Seiten wurde mit gr\u00f6\u00dftm\u00f6glicher Sorgfalt zusammengestellt. Alcomsys kann jedoch keine Gew\u00e4hr f\u00fcr die Fehlerfreiheit und Genauigkeit der bereitgestellten Informationen \u00fcbernehmen. Alcomsys schlie\u00dft jegliche Haftung f\u00fcr Sch\u00e4den, die direkt oder indirekt aus der Nutzung dieser&hellip;","_links":{"self":[{"href":"https:\/\/alcomsys.de\/index.php\/wp-json\/wp\/v2\/pages\/107","targetHints":{"allow":["GET"]}}],"collection":[{"href":"https:\/\/alcomsys.de\/index.php\/wp-json\/wp\/v2\/pages"}],"about":[{"href":"https:\/\/alcomsys.de\/index.php\/wp-json\/wp\/v2\/types\/page"}],"author":[{"embeddable":true,"href":"https:\/\/alcomsys.de\/index.php\/wp-json\/wp\/v2\/users\/1"}],"replies":[{"embeddable":true,"href":"https:\/\/alcomsys.de\/index.php\/wp-json\/wp\/v2\/comments?post=107"}],"version-history":[{"count":48,"href":"https:\/\/alcomsys.de\/index.php\/wp-json\/wp\/v2\/pages\/107\/revisions"}],"predecessor-version":[{"id":2515,"href":"https:\/\/alcomsys.de\/index.php\/wp-json\/wp\/v2\/pages\/107\/revisions\/2515"}],"wp:attachment":[{"href":"https:\/\/alcomsys.de\/index.php\/wp-json\/wp\/v2\/media?parent=107"}],"curies":[{"name":"wp","href":"https:\/\/api.w.org\/{rel}","templated":true}]}}